{"id":481,"date":"2024-09-12T12:02:15","date_gmt":"2024-09-12T10:02:15","guid":{"rendered":"https:\/\/blog.sb2.dev\/?page_id=481"},"modified":"2025-02-26T17:32:21","modified_gmt":"2025-02-26T16:32:21","slug":"chi-siamo","status":"publish","type":"page","link":"https:\/\/sadim.unisannio.it\/?page_id=481","title":{"rendered":"Chi siamo"},"content":{"rendered":"\t\t<div data-elementor-type=\"wp-page\" data-elementor-id=\"481\" class=\"elementor elementor-481\">\n\t\t\t\t<div class=\"elementor-element elementor-element-42efaa4c e-con-full e-flex e-con e-parent\" data-id=\"42efaa4c\" data-element_type=\"container\" data-e-type=\"container\" data-settings=\"{&quot;background_background&quot;:&quot;classic&quot;}\">\n\t\t\t\t<\/div>\n\t\t<div class=\"elementor-element elementor-element-c8061b8 e-flex e-con-boxed e-con e-parent\" data-id=\"c8061b8\" data-element_type=\"container\" data-e-type=\"container\">\n\t\t\t\t\t<div class=\"e-con-inner\">\n\t\t<div class=\"elementor-element elementor-element-5c9a361 e-flex e-con-boxed e-con e-child\" data-id=\"5c9a361\" data-element_type=\"container\" data-e-type=\"container\">\n\t\t\t\t\t<div class=\"e-con-inner\">\n\t\t\t\t<div class=\"elementor-element elementor-element-b96181c elementor-widget elementor-widget-heading\" data-id=\"b96181c\" data-element_type=\"widget\" data-e-type=\"widget\" data-widget_type=\"heading.default\">\n\t\t\t\t<div class=\"elementor-widget-container\">\n\t\t\t\t\t<h1 class=\"elementor-heading-title elementor-size-default\">Chi siamo<\/h1>\t\t\t\t<\/div>\n\t\t\t\t<\/div>\n\t\t\t\t<div class=\"elementor-element elementor-element-588289d elementor-widget elementor-widget-text-editor\" data-id=\"588289d\" data-element_type=\"widget\" data-e-type=\"widget\" data-widget_type=\"text-editor.default\">\n\t\t\t\t<div class=\"elementor-widget-container\">\n\t\t\t\t\t\t\t\t\t<h3><strong style=\"color: #cc511e;\">L\u2019UNIVERSITA\u2019 DEGLI STUDI DEL SANNIO<\/strong><\/h3>\t\t\t\t\t\t\t\t<\/div>\n\t\t\t\t<\/div>\n\t\t\t\t<div class=\"elementor-element elementor-element-674f543 elementor-widget elementor-widget-text-editor\" data-id=\"674f543\" data-element_type=\"widget\" data-e-type=\"widget\" data-widget_type=\"text-editor.default\">\n\t\t\t\t<div class=\"elementor-widget-container\">\n\t\t\t\t\t\t\t\t\t<p>Giovane, dinamica e fatta per gli studenti, l\u2019Universit\u00e0 del Sannio \u00e8 parte integrante dell\u2019antica citt\u00e0 di Benevento e offre un piacevole e stimolante ambiente di studio e di ricerca.<\/p>\t\t\t\t\t\t\t\t<\/div>\n\t\t\t\t<\/div>\n\t\t\t\t<div class=\"elementor-element elementor-element-d8e7b02 elementor-widget elementor-widget-text-editor\" data-id=\"d8e7b02\" data-element_type=\"widget\" data-e-type=\"widget\" data-widget_type=\"text-editor.default\">\n\t\t\t\t<div class=\"elementor-widget-container\">\n\t\t\t\t\t\t\t\t\t<h3><strong style=\"color: #cc511e;\">MISSION<\/strong><\/h3>\t\t\t\t\t\t\t\t<\/div>\n\t\t\t\t<\/div>\n\t\t\t\t<div class=\"elementor-element elementor-element-9bdb72b elementor-widget elementor-widget-text-editor\" data-id=\"9bdb72b\" data-element_type=\"widget\" data-e-type=\"widget\" data-widget_type=\"text-editor.default\">\n\t\t\t\t<div class=\"elementor-widget-container\">\n\t\t\t\t\t\t\t\t\t<p>L\u2019Universit\u00e0 del Sannio \u00e8 un attore chiave nel progresso sociale, economico e culturale del territorio. La sua Missione \u00e8 sviluppare e diffondere conoscenze integrando didattica e ricerca, promuovendo l\u2019insegnamento, l\u2019alta formazione, la ricerca scientifica e tecnologica, preparando culturalmente e professionalmente gli studenti. L\u2019Universit\u00e0 favorisce il confronto con il sistema sociale, culturale, politico ed economico per contribuire alla sviluppo del territorio.<\/p>\t\t\t\t\t\t\t\t<\/div>\n\t\t\t\t<\/div>\n\t\t\t\t<div class=\"elementor-element elementor-element-872690a elementor-widget elementor-widget-text-editor\" data-id=\"872690a\" data-element_type=\"widget\" data-e-type=\"widget\" data-widget_type=\"text-editor.default\">\n\t\t\t\t<div class=\"elementor-widget-container\">\n\t\t\t\t\t\t\t\t\t<h3><strong style=\"color: #cc511e;\">IL CAMPUS URBANO<\/strong><\/h3>\t\t\t\t\t\t\t\t<\/div>\n\t\t\t\t<\/div>\n\t\t\t\t<div class=\"elementor-element elementor-element-3336028 elementor-widget elementor-widget-text-editor\" data-id=\"3336028\" data-element_type=\"widget\" data-e-type=\"widget\" data-widget_type=\"text-editor.default\">\n\t\t\t\t<div class=\"elementor-widget-container\">\n\t\t\t\t\t\t\t\t\t<p><span style=\"color: #cc511e;\">L\u2019Universit\u00e0 degli Studi del Sannio<\/span>, immersa nella bellissima citt\u00e0 di Benevento, ha realizzato un programma di attento recupero e riuso di numerosi spazi ed edifici storici nel cuore del centro storico, trasformandoli in prestigiose sedi universitarie aperte anche ai visitatori in un itinerario storico e culturale che unisce arte, architettura e ricerca.<\/p>\t\t\t\t\t\t\t\t<\/div>\n\t\t\t\t<\/div>\n\t\t\t\t\t<\/div>\n\t\t\t\t<\/div>\n\t\t<div class=\"elementor-element elementor-element-d564345 e-con-full e-flex e-con e-child\" data-id=\"d564345\" data-element_type=\"container\" data-e-type=\"container\">\n\t\t\t\t<div class=\"elementor-element elementor-element-15d9cc5 elementor-widget elementor-widget-shortcode\" data-id=\"15d9cc5\" data-element_type=\"widget\" data-e-type=\"widget\" data-widget_type=\"shortcode.default\">\n\t\t\t\t<div class=\"elementor-widget-container\">\n\t\t\t\t\t\t\t<div class=\"elementor-shortcode\"><div id=\"metaslider-id-1415\" style=\"max-width: 900px;\" class=\"ml-slider-3-107-0 metaslider metaslider-flex metaslider-1415 ml-slider ms-theme-default nav-hidden\" role=\"region\" aria-label=\"presentazione Chi Siamo\" data-height=\"450\" data-width=\"900\">\n    <div id=\"metaslider_container_1415\">\n        <div id=\"metaslider_1415\">\n            <ul class='slides'>\n                <li style=\"display: block; width: 100%;\" class=\"slide-1416 ms-image \" aria-roledescription=\"slide\" data-date=\"2024-10-10 08:56:52\" data-filename=\"sadim_slider-3.png\" data-slide-type=\"image\"><img fetchpriority=\"high\" decoding=\"async\" src=\"https:\/\/sadim.unisannio.it\/wp-content\/uploads\/2025\/03\/sadim_slider-3.png\" height=\"450\" width=\"900\"  alt=\"sadim_slider-3 Chi siamo\"  class=\"slider-1415 slide-1416 msDefaultImage\"  title=\"\"  \/><\/li>\n                <li style=\"display: none; width: 100%;\" class=\"slide-1417 ms-image \" aria-roledescription=\"slide\" data-date=\"2024-10-10 08:57:41\" data-filename=\"sadim_slider-4.png\" data-slide-type=\"image\"><img decoding=\"async\" src=\"https:\/\/sadim.unisannio.it\/wp-content\/uploads\/2025\/03\/sadim_slider-4.png\" height=\"450\" width=\"900\"  alt=\"sadim_slider-4 Chi siamo\"  class=\"slider-1415 slide-1417 msDefaultImage\"  title=\"\"  \/><\/li>\n                <li style=\"display: none; width: 100%;\" class=\"slide-1888 ms-image \" aria-roledescription=\"slide\" data-date=\"2025-03-07 12:30:48\" data-filename=\"sadim_slider-5.png\" data-slide-type=\"image\"><img decoding=\"async\" src=\"https:\/\/sadim.unisannio.it\/wp-content\/uploads\/2025\/03\/sadim_slider-5.png\" height=\"450\" width=\"900\"  alt=\"sadim_slider-5 Chi siamo\"  class=\"slider-1415 slide-1888 msDefaultImage\"  title=\"\"  \/><\/li>\n            <\/ul>\n        <\/div>\n        \n    <\/div>\n<\/div><\/div>\n\t\t\t\t\t\t<\/div>\n\t\t\t\t<\/div>\n\t\t\t\t<\/div>\n\t\t\t\t\t<\/div>\n\t\t\t\t<\/div>\n\t\t\t\t<\/div>\n\t\t","protected":false},"excerpt":{"rendered":"<p>Chi siamo L\u2019UNIVERSITA\u2019 DEGLI STUDI DEL SANNIO Giovane, dinamica e fatta per gli studenti, l\u2019Universit\u00e0 del Sannio \u00e8 parte integrante [&hellip;]<\/p>\n","protected":false},"author":1,"featured_media":0,"parent":0,"menu_order":0,"comment_status":"closed","ping_status":"closed","template":"","meta":{"site-sidebar-layout":"no-sidebar","site-content-layout":"","ast-site-content-layout":"full-width-container","site-content-style":"default","site-sidebar-style":"default","ast-global-header-display":"","ast-banner-title-visibility":"","ast-main-header-display":"","ast-hfb-above-header-display":"","ast-hfb-below-header-display":"","ast-hfb-mobile-header-display":"","site-post-title":"disabled","ast-breadcrumbs-content":"","ast-featured-img":"disabled","footer-sml-layout":"","theme-transparent-header-meta":"","adv-header-id-meta":"","stick-header-meta":"","header-above-stick-meta":"","header-main-stick-meta":"","header-below-stick-meta":"","astra-migrate-meta-layouts":"default","ast-page-background-enabled":"default","ast-page-background-meta":{"desktop":{"background-color":"var(--ast-global-color-4)","background-image":"","background-repeat":"repeat","background-position":"center center","background-size":"auto","background-attachment":"scroll","background-type":"","background-media":"","overlay-type":"","overlay-color":"","overlay-opacity":"","overlay-gradient":""},"tablet":{"background-color":"","background-image":"","background-repeat":"repeat","background-position":"center center","background-size":"auto","background-attachment":"scroll","background-type":"","background-media":"","overlay-type":"","overlay-color":"","overlay-opacity":"","overlay-gradient":""},"mobile":{"background-color":"","background-image":"","background-repeat":"repeat","background-position":"center center","background-size":"auto","background-attachment":"scroll","background-type":"","background-media":"","overlay-type":"","overlay-color":"","overlay-opacity":"","overlay-gradient":""}},"ast-content-background-meta":{"desktop":{"background-color":"var(--ast-global-color-5)","background-image":"","background-repeat":"repeat","background-position":"center center","background-size":"auto","background-attachment":"scroll","background-type":"","background-media":"","overlay-type":"","overlay-color":"","overlay-opacity":"","overlay-gradient":""},"tablet":{"background-color":"var(--ast-global-color-5)","background-image":"","background-repeat":"repeat","background-position":"center center","background-size":"auto","background-attachment":"scroll","background-type":"","background-media":"","overlay-type":"","overlay-color":"","overlay-opacity":"","overlay-gradient":""},"mobile":{"background-color":"var(--ast-global-color-5)","background-image":"","background-repeat":"repeat","background-position":"center center","background-size":"auto","background-attachment":"scroll","background-type":"","background-media":"","overlay-type":"","overlay-color":"","overlay-opacity":"","overlay-gradient":""}},"footnotes":""},"class_list":["post-481","page","type-page","status-publish","hentry"],"yoast_head":"<!-- This site is optimized with the Yoast SEO plugin v26.8 - https:\/\/yoast.com\/product\/yoast-seo-wordpress\/ -->\n<title>Chi siamo - Sant&#039;Agostino Digital Museum<\/title>\n<meta name=\"robots\" content=\"index, follow, max-snippet:-1, max-image-preview:large, max-video-preview:-1\" \/>\n<link rel=\"canonical\" href=\"https:\/\/sadim.unisannio.it\/?page_id=481\" \/>\n<meta property=\"og:locale\" content=\"it_IT\" \/>\n<meta property=\"og:type\" content=\"article\" \/>\n<meta property=\"og:title\" content=\"Chi siamo - Sant&#039;Agostino Digital Museum\" \/>\n<meta property=\"og:description\" content=\"Chi siamo L\u2019UNIVERSITA\u2019 DEGLI STUDI DEL SANNIO Giovane, dinamica e fatta per gli studenti, l\u2019Universit\u00e0 del Sannio \u00e8 parte integrante [&hellip;]\" \/>\n<meta property=\"og:url\" content=\"https:\/\/sadim.unisannio.it\/?page_id=481\" \/>\n<meta property=\"og:site_name\" content=\"Sant&#039;Agostino Digital Museum\" \/>\n<meta property=\"article:modified_time\" content=\"2025-02-26T16:32:21+00:00\" \/>\n<meta name=\"twitter:card\" content=\"summary_large_image\" \/>\n<meta name=\"twitter:label1\" content=\"Tempo di lettura stimato\" \/>\n\t<meta name=\"twitter:data1\" content=\"1 minuto\" \/>\n<script type=\"application\/ld+json\" class=\"yoast-schema-graph\">{\"@context\":\"https:\/\/schema.org\",\"@graph\":[{\"@type\":\"WebPage\",\"@id\":\"https:\/\/sadim.unisannio.it\/?page_id=481\",\"url\":\"https:\/\/sadim.unisannio.it\/?page_id=481\",\"name\":\"Chi siamo - Sant&#039;Agostino Digital Museum\",\"isPartOf\":{\"@id\":\"https:\/\/sadim.unisannio.it\/#website\"},\"datePublished\":\"2024-09-12T10:02:15+00:00\",\"dateModified\":\"2025-02-26T16:32:21+00:00\",\"breadcrumb\":{\"@id\":\"https:\/\/sadim.unisannio.it\/?page_id=481#breadcrumb\"},\"inLanguage\":\"it-IT\",\"potentialAction\":[{\"@type\":\"ReadAction\",\"target\":[\"https:\/\/sadim.unisannio.it\/?page_id=481\"]}]},{\"@type\":\"BreadcrumbList\",\"@id\":\"https:\/\/sadim.unisannio.it\/?page_id=481#breadcrumb\",\"itemListElement\":[{\"@type\":\"ListItem\",\"position\":1,\"name\":\"Home\",\"item\":\"https:\/\/sadim.unisannio.it\/\"},{\"@type\":\"ListItem\",\"position\":2,\"name\":\"Chi siamo\"}]},{\"@type\":\"WebSite\",\"@id\":\"https:\/\/sadim.unisannio.it\/#website\",\"url\":\"https:\/\/sadim.unisannio.it\/\",\"name\":\"Sant'Agostino Digital Museum\",\"description\":\"\",\"publisher\":{\"@id\":\"https:\/\/sadim.unisannio.it\/#organization\"},\"potentialAction\":[{\"@type\":\"SearchAction\",\"target\":{\"@type\":\"EntryPoint\",\"urlTemplate\":\"https:\/\/sadim.unisannio.it\/?s={search_term_string}\"},\"query-input\":{\"@type\":\"PropertyValueSpecification\",\"valueRequired\":true,\"valueName\":\"search_term_string\"}}],\"inLanguage\":\"it-IT\"},{\"@type\":\"Organization\",\"@id\":\"https:\/\/sadim.unisannio.it\/#organization\",\"name\":\"Sant'Agostino Digital Museum\",\"url\":\"https:\/\/sadim.unisannio.it\/\",\"logo\":{\"@type\":\"ImageObject\",\"inLanguage\":\"it-IT\",\"@id\":\"https:\/\/sadim.unisannio.it\/#\/schema\/logo\/image\/\",\"url\":\"https:\/\/sadim.unisannio.it\/wp-content\/uploads\/2024\/09\/LogoSadim_ok.png\",\"contentUrl\":\"https:\/\/sadim.unisannio.it\/wp-content\/uploads\/2024\/09\/LogoSadim_ok.png\",\"width\":291,\"height\":524,\"caption\":\"Sant'Agostino Digital Museum\"},\"image\":{\"@id\":\"https:\/\/sadim.unisannio.it\/#\/schema\/logo\/image\/\"}}]}<\/script>\n<!-- \/ Yoast SEO plugin. -->","yoast_head_json":{"title":"Chi siamo - Sant&#039;Agostino Digital Museum","robots":{"index":"index","follow":"follow","max-snippet":"max-snippet:-1","max-image-preview":"max-image-preview:large","max-video-preview":"max-video-preview:-1"},"canonical":"https:\/\/sadim.unisannio.it\/?page_id=481","og_locale":"it_IT","og_type":"article","og_title":"Chi siamo - Sant&#039;Agostino Digital Museum","og_description":"Chi siamo L\u2019UNIVERSITA\u2019 DEGLI STUDI DEL SANNIO Giovane, dinamica e fatta per gli studenti, l\u2019Universit\u00e0 del Sannio \u00e8 parte integrante [&hellip;]","og_url":"https:\/\/sadim.unisannio.it\/?page_id=481","og_site_name":"Sant&#039;Agostino Digital Museum","article_modified_time":"2025-02-26T16:32:21+00:00","twitter_card":"summary_large_image","twitter_misc":{"Tempo di lettura stimato":"1 minuto"},"schema":{"@context":"https:\/\/schema.org","@graph":[{"@type":"WebPage","@id":"https:\/\/sadim.unisannio.it\/?page_id=481","url":"https:\/\/sadim.unisannio.it\/?page_id=481","name":"Chi siamo - Sant&#039;Agostino Digital Museum","isPartOf":{"@id":"https:\/\/sadim.unisannio.it\/#website"},"datePublished":"2024-09-12T10:02:15+00:00","dateModified":"2025-02-26T16:32:21+00:00","breadcrumb":{"@id":"https:\/\/sadim.unisannio.it\/?page_id=481#breadcrumb"},"inLanguage":"it-IT","potentialAction":[{"@type":"ReadAction","target":["https:\/\/sadim.unisannio.it\/?page_id=481"]}]},{"@type":"BreadcrumbList","@id":"https:\/\/sadim.unisannio.it\/?page_id=481#breadcrumb","itemListElement":[{"@type":"ListItem","position":1,"name":"Home","item":"https:\/\/sadim.unisannio.it\/"},{"@type":"ListItem","position":2,"name":"Chi siamo"}]},{"@type":"WebSite","@id":"https:\/\/sadim.unisannio.it\/#website","url":"https:\/\/sadim.unisannio.it\/","name":"Sant'Agostino Digital Museum","description":"","publisher":{"@id":"https:\/\/sadim.unisannio.it\/#organization"},"potentialAction":[{"@type":"SearchAction","target":{"@type":"EntryPoint","urlTemplate":"https:\/\/sadim.unisannio.it\/?s={search_term_string}"},"query-input":{"@type":"PropertyValueSpecification","valueRequired":true,"valueName":"search_term_string"}}],"inLanguage":"it-IT"},{"@type":"Organization","@id":"https:\/\/sadim.unisannio.it\/#organization","name":"Sant'Agostino Digital Museum","url":"https:\/\/sadim.unisannio.it\/","logo":{"@type":"ImageObject","inLanguage":"it-IT","@id":"https:\/\/sadim.unisannio.it\/#\/schema\/logo\/image\/","url":"https:\/\/sadim.unisannio.it\/wp-content\/uploads\/2024\/09\/LogoSadim_ok.png","contentUrl":"https:\/\/sadim.unisannio.it\/wp-content\/uploads\/2024\/09\/LogoSadim_ok.png","width":291,"height":524,"caption":"Sant'Agostino Digital Museum"},"image":{"@id":"https:\/\/sadim.unisannio.it\/#\/schema\/logo\/image\/"}}]}},"rttpg_featured_image_url":null,"rttpg_author":{"display_name":"SB2 Developer","author_link":"https:\/\/sadim.unisannio.it\/?author=1"},"rttpg_comment":0,"rttpg_category":null,"rttpg_excerpt":"Chi siamo L\u2019UNIVERSITA\u2019 DEGLI STUDI DEL SANNIO Giovane, dinamica e fatta per gli studenti, l\u2019Universit\u00e0 del Sannio \u00e8 parte integrante [&hellip;]","_links":{"self":[{"href":"https:\/\/sadim.unisannio.it\/index.php?rest_route=\/wp\/v2\/pages\/481","targetHints":{"allow":["GET"]}}],"collection":[{"href":"https:\/\/sadim.unisannio.it\/index.php?rest_route=\/wp\/v2\/pages"}],"about":[{"href":"https:\/\/sadim.unisannio.it\/index.php?rest_route=\/wp\/v2\/types\/page"}],"author":[{"embeddable":true,"href":"https:\/\/sadim.unisannio.it\/index.php?rest_route=\/wp\/v2\/users\/1"}],"replies":[{"embeddable":true,"href":"https:\/\/sadim.unisannio.it\/index.php?rest_route=%2Fwp%2Fv2%2Fcomments&post=481"}],"version-history":[{"count":55,"href":"https:\/\/sadim.unisannio.it\/index.php?rest_route=\/wp\/v2\/pages\/481\/revisions"}],"predecessor-version":[{"id":1714,"href":"https:\/\/sadim.unisannio.it\/index.php?rest_route=\/wp\/v2\/pages\/481\/revisions\/1714"}],"wp:attachment":[{"href":"https:\/\/sadim.unisannio.it\/index.php?rest_route=%2Fwp%2Fv2%2Fmedia&parent=481"}],"curies":[{"name":"wp","href":"https:\/\/api.w.org\/{rel}","templated":true}]}}